{"id":136,"date":"2022-05-14T18:52:50","date_gmt":"2022-05-14T18:52:50","guid":{"rendered":"http:\/\/princoakademija.lt\/?page_id=136"},"modified":"2024-03-04T15:21:53","modified_gmt":"2024-03-04T13:21:53","slug":"susisiekite","status":"publish","type":"page","link":"https:\/\/princoakademija.lt\/index.php\/susisiekite\/","title":{"rendered":"Susisiekite"},"content":{"rendered":"\t\t<div data-elementor-type=\"wp-page\" data-elementor-id=\"136\" class=\"elementor elementor-136\" data-elementor-post-type=\"page\">\n\t\t\t\t\t\t<section class=\"elementor-section elementor-top-section elementor-element elementor-element-1b34d90 elementor-section-height-min-height elementor-section-boxed elementor-section-height-default elementor-section-items-middle\" data-id=\"1b34d90\" data-element_type=\"section\" data-e-type=\"section\" data-settings=\"{&quot;background_background&quot;:&quot;classic&quot;,&quot;_ob_glider_is_slider&quot;:&quot;no&quot;}\">\n\t\t\t\t\t\t<div class=\"elementor-container elementor-column-gap-no\">\n\t\t\t\t\t<div class=\"elementor-column elementor-col-100 elementor-top-column elementor-element elementor-element-e823486\" data-id=\"e823486\" data-element_type=\"column\" data-e-type=\"column\" data-settings=\"{&quot;_ob_column_hoveranimator&quot;:&quot;no&quot;,&quot;_ob_column_has_pseudo&quot;:&quot;no&quot;}\">\n\t\t\t<div class=\"elementor-widget-wrap elementor-element-populated\">\n\t\t\t\t\t\t<div class=\"elementor-element elementor-element-f8d37c1 elementor-widget__width-initial ob-harakiri-inherit ob-has-background-overlay elementor-widget elementor-widget-heading\" data-id=\"f8d37c1\" data-element_type=\"widget\" data-e-type=\"widget\" data-settings=\"{&quot;_ob_use_harakiri&quot;:&quot;yes&quot;,&quot;_ob_harakiri_writing_mode&quot;:&quot;inherit&quot;,&quot;_ob_harakiri_text_clip&quot;:&quot;none&quot;,&quot;_ob_widget_stalker_use&quot;:&quot;no&quot;,&quot;_ob_poopart_use&quot;:&quot;yes&quot;,&quot;_ob_shadough_use&quot;:&quot;no&quot;,&quot;_ob_allow_hoveranimator&quot;:&quot;no&quot;}\" data-widget_type=\"heading.default\">\n\t\t\t\t<div class=\"elementor-widget-container\">\n\t\t\t\t\t<h2 class=\"elementor-heading-title elementor-size-default\">Nekantraujame su Jumis susitikti !<\/h2>\t\t\t\t<\/div>\n\t\t\t\t<\/div>\n\t\t\t\t\t<\/div>\n\t\t<\/div>\n\t\t\t\t\t<\/div>\n\t\t<\/section>\n\t\t\t\t<section class=\"elementor-section elementor-top-section elementor-element elementor-element-8624e7c elementor-section-boxed elementor-section-height-default elementor-section-height-default\" data-id=\"8624e7c\" data-element_type=\"section\" data-e-type=\"section\" data-settings=\"{&quot;_ob_glider_is_slider&quot;:&quot;no&quot;}\">\n\t\t\t\t\t\t<div class=\"elementor-container elementor-column-gap-default\">\n\t\t\t\t\t<div class=\"elementor-column elementor-col-100 elementor-top-column elementor-element elementor-element-7c0b4b8\" data-id=\"7c0b4b8\" data-element_type=\"column\" data-e-type=\"column\" data-settings=\"{&quot;_ob_column_hoveranimator&quot;:&quot;no&quot;,&quot;_ob_column_has_pseudo&quot;:&quot;no&quot;}\">\n\t\t\t<div class=\"elementor-widget-wrap elementor-element-populated\">\n\t\t\t\t\t\t<div class=\"elementor-element elementor-element-dafda2b ob-has-background-overlay elementor-widget elementor-widget-spacer\" data-id=\"dafda2b\" data-element_type=\"widget\" data-e-type=\"widget\" data-settings=\"{&quot;_ob_spacerat_use&quot;:&quot;no&quot;,&quot;_ob_widget_stalker_use&quot;:&quot;no&quot;,&quot;_ob_poopart_use&quot;:&quot;yes&quot;,&quot;_ob_shadough_use&quot;:&quot;no&quot;,&quot;_ob_allow_hoveranimator&quot;:&quot;no&quot;}\" data-widget_type=\"spacer.default\">\n\t\t\t\t<div class=\"elementor-widget-container\">\n\t\t\t\t\t\t\t<div class=\"elementor-spacer\">\n\t\t\t<div class=\"elementor-spacer-inner\"><\/div>\n\t\t<\/div>\n\t\t\t\t\t\t<\/div>\n\t\t\t\t<\/div>\n\t\t\t\t<div class=\"elementor-element elementor-element-958b1f0 elementor-widget__width-initial ob-harakiri-inherit ob-has-background-overlay elementor-widget elementor-widget-text-editor\" data-id=\"958b1f0\" data-element_type=\"widget\" data-e-type=\"widget\" data-settings=\"{&quot;_ob_use_harakiri&quot;:&quot;yes&quot;,&quot;_ob_harakiri_writing_mode&quot;:&quot;inherit&quot;,&quot;_ob_postman_use&quot;:&quot;no&quot;,&quot;_ob_widget_stalker_use&quot;:&quot;no&quot;,&quot;_ob_poopart_use&quot;:&quot;yes&quot;,&quot;_ob_shadough_use&quot;:&quot;no&quot;,&quot;_ob_allow_hoveranimator&quot;:&quot;no&quot;}\" data-widget_type=\"text-editor.default\">\n\t\t\t\t<div class=\"elementor-widget-container\">\n\t\t\t\t\t\t\t\t\t<p>\u00a0V\u0161\u012e &#8222;Elgesio Sprendimai&#8221; yra NEPELNO SIEKIANTI ORGANIZACIJA, dirbanti \u00a0su vaikais kurie turi autizmo spektr\u0105, emocij\u0173, elgesio sutrikimus. Kurianti vaikams saugi\u0105 aplink\u0105.<\/p><p>\u00a0J\u016bs\u0173 vaikui pad\u0117s: Logopedas, ergoterapeutas. Veikia socialin\u0117s grup\u0117s, kur vaikai \u017eaidimo forma mokosi, bendravimo, \u017eaidimo ir draugyst\u0117s u\u017emezgimo ir palaikymo.<\/p><p>\u00a0Didesnius vaikus mokiname darbini\u0173 \u012fg\u016bd\u017ei\u0173.<\/p><p>\u00a0 \u00a0 \u00a0 \u00a0 \u00a0 \u00a0 \u00a0 \u00a0 \u00a0 \u00a0 \u00a0 Mus galite paremti: V\u0161\u012e ELGESIO SPRENDIMAI: LT567300010151749534<\/p>\t\t\t\t\t\t\t\t<\/div>\n\t\t\t\t<\/div>\n\t\t\t\t\t<\/div>\n\t\t<\/div>\n\t\t\t\t\t<\/div>\n\t\t<\/section>\n\t\t\t\t<section class=\"elementor-section elementor-top-section elementor-element elementor-element-156d9eb6 elementor-section-boxed elementor-section-height-default elementor-section-height-default\" data-id=\"156d9eb6\" data-element_type=\"section\" data-e-type=\"section\" data-settings=\"{&quot;_ob_glider_is_slider&quot;:&quot;no&quot;}\">\n\t\t\t\t\t\t<div class=\"elementor-container elementor-column-gap-default\">\n\t\t\t\t\t<div class=\"elementor-column elementor-col-100 elementor-top-column elementor-element elementor-element-1bbdba14\" data-id=\"1bbdba14\" data-element_type=\"column\" data-e-type=\"column\" data-settings=\"{&quot;_ob_column_hoveranimator&quot;:&quot;no&quot;,&quot;_ob_column_has_pseudo&quot;:&quot;no&quot;}\">\n\t\t\t<div class=\"elementor-widget-wrap elementor-element-populated\">\n\t\t\t\t\t\t<div class=\"elementor-element elementor-element-1cb63b0f elementor-align-center ob-has-background-overlay elementor-widget elementor-widget-button\" data-id=\"1cb63b0f\" data-element_type=\"widget\" data-e-type=\"widget\" data-settings=\"{&quot;_ob_butterbutton_use_it&quot;:&quot;no&quot;,&quot;_ob_widget_stalker_use&quot;:&quot;no&quot;,&quot;_ob_poopart_use&quot;:&quot;yes&quot;,&quot;_ob_shadough_use&quot;:&quot;no&quot;,&quot;_ob_allow_hoveranimator&quot;:&quot;no&quot;}\" data-widget_type=\"button.default\">\n\t\t\t\t<div class=\"elementor-widget-container\">\n\t\t\t\t\t\t\t\t\t<div class=\"elementor-button-wrapper\">\n\t\t\t\t\t<a class=\"elementor-button elementor-button-link elementor-size-xl\" href=\"https:\/\/princoakademija.lt\/index.php\/parama\/\" target=\"_blank\" id=\"Parama\">\n\t\t\t\t\t\t<span class=\"elementor-button-content-wrapper\">\n\t\t\t\t\t\t\t\t\t<span class=\"elementor-button-text\">Paremkite Mus<\/span>\n\t\t\t\t\t<\/span>\n\t\t\t\t\t<\/a>\n\t\t\t\t<\/div>\n\t\t\t\t\t\t\t\t<\/div>\n\t\t\t\t<\/div>\n\t\t\t\t\t<\/div>\n\t\t<\/div>\n\t\t\t\t\t<\/div>\n\t\t<\/section>\n\t\t\t\t<section class=\"elementor-section elementor-top-section elementor-element elementor-element-5a7f6b01 elementor-section-boxed elementor-section-height-default elementor-section-height-default\" data-id=\"5a7f6b01\" data-element_type=\"section\" data-e-type=\"section\" data-settings=\"{&quot;_ob_glider_is_slider&quot;:&quot;no&quot;}\">\n\t\t\t\t\t\t<div class=\"elementor-container elementor-column-gap-no\">\n\t\t\t\t\t<section class=\"elementor-column elementor-col-33 elementor-top-column elementor-element elementor-element-276155b\" data-id=\"276155b\" data-element_type=\"column\" data-e-type=\"column\" data-settings=\"{&quot;_ob_column_hoveranimator&quot;:&quot;no&quot;,&quot;_ob_column_has_pseudo&quot;:&quot;no&quot;}\">\n\t\t\t<div class=\"elementor-widget-wrap elementor-element-populated\">\n\t\t\t\t\t\t<div class=\"elementor-element elementor-element-5f7481e9 elementor-widget__width-initial ob-harakiri-inherit ob-has-background-overlay elementor-widget elementor-widget-text-editor\" data-id=\"5f7481e9\" data-element_type=\"widget\" data-e-type=\"widget\" data-settings=\"{&quot;_ob_use_harakiri&quot;:&quot;yes&quot;,&quot;_ob_harakiri_writing_mode&quot;:&quot;inherit&quot;,&quot;_ob_postman_use&quot;:&quot;no&quot;,&quot;_ob_widget_stalker_use&quot;:&quot;no&quot;,&quot;_ob_poopart_use&quot;:&quot;yes&quot;,&quot;_ob_shadough_use&quot;:&quot;no&quot;,&quot;_ob_allow_hoveranimator&quot;:&quot;no&quot;}\" data-widget_type=\"text-editor.default\">\n\t\t\t\t<div class=\"elementor-widget-container\">\n\t\t\t\t\t\t\t\t\t<p>\u00a0Mes dirbame I-V nuo 9 iki 20 val.<\/p>\t\t\t\t\t\t\t\t<\/div>\n\t\t\t\t<\/div>\n\t\t\t\t<div class=\"elementor-element elementor-element-6bbe3b3a elementor-icon-list--layout-traditional elementor-list-item-link-full_width ob-has-background-overlay elementor-widget elementor-widget-icon-list\" data-id=\"6bbe3b3a\" data-element_type=\"widget\" data-e-type=\"widget\" data-settings=\"{&quot;_ob_widget_stalker_use&quot;:&quot;no&quot;,&quot;_ob_poopart_use&quot;:&quot;yes&quot;,&quot;_ob_shadough_use&quot;:&quot;no&quot;,&quot;_ob_allow_hoveranimator&quot;:&quot;no&quot;}\" data-widget_type=\"icon-list.default\">\n\t\t\t\t<div class=\"elementor-widget-container\">\n\t\t\t\t\t\t\t<ul class=\"elementor-icon-list-items\">\n\t\t\t\t\t\t\t<li class=\"elementor-icon-list-item\">\n\t\t\t\t\t\t\t\t\t\t\t<span class=\"elementor-icon-list-icon\">\n\t\t\t\t\t\t\t<svg xmlns=\"http:\/\/www.w3.org\/2000\/svg\" width=\"46\" height=\"46\" viewBox=\"0 0 46 46\" fill=\"none\"><path d=\"M23.4273 22.3119L22.9999 22.7336L22.5706 22.3119C21.7728 21.5243 20.6969 21.0827 19.5758 21.0827C18.4547 21.0827 17.3788 21.5243 16.581 22.3119C16.1851 22.6929 15.8701 23.1498 15.6549 23.6553C15.4398 24.1608 15.3289 24.7046 15.3289 25.254C15.3289 25.8035 15.4398 26.3472 15.6549 26.8528C15.8701 27.3583 16.1851 27.8152 16.581 28.1961L22.9999 34.5L29.4188 28.1961C29.8148 27.8152 30.1298 27.3583 30.3449 26.8528C30.5601 26.3472 30.671 25.8035 30.671 25.254C30.671 24.7046 30.5601 24.1608 30.3449 23.6553C30.1298 23.1498 29.8148 22.6929 29.4188 22.3119C28.6207 21.5242 27.5445 21.0825 26.4231 21.0825C25.3017 21.0825 24.2254 21.5242 23.4273 22.3119Z\" fill=\"#CB1E84\"><\/path><path d=\"M41.6051 21.645L24.3551 4.39498C24.1772 4.21683 23.966 4.0755 23.7335 3.97907C23.501 3.88264 23.2517 3.83301 23 3.83301C22.7483 3.83301 22.499 3.88264 22.2665 3.97907C22.034 4.0755 21.8228 4.21683 21.6449 4.39498L4.39492 21.645C4.12695 21.913 3.94447 22.2545 3.87055 22.6262C3.79663 22.998 3.83458 23.3833 3.97962 23.7335C4.12465 24.0837 4.37025 24.383 4.68537 24.5936C5.00049 24.8042 5.37098 24.9166 5.75 24.9167H7.66667V38.3334C7.66667 40.4475 9.38592 42.1667 11.5 42.1667H34.5C36.6141 42.1667 38.3333 40.4475 38.3333 38.3334V24.9167H40.25C40.629 24.9166 40.9995 24.8042 41.3146 24.5936C41.6297 24.383 41.8753 24.0837 42.0204 23.7335C42.1654 23.3833 42.2034 22.998 42.1295 22.6262C42.0555 22.2545 41.8731 21.913 41.6051 21.645ZM34.5019 38.3334H11.5V19.9621L23 8.46214L34.5 19.9621V28.7501L34.5019 38.3334Z\" fill=\"#00CEA9\"><\/path><\/svg>\t\t\t\t\t\t<\/span>\n\t\t\t\t\t\t\t\t\t\t<span class=\"elementor-icon-list-text\">Savanori\u0173 g. 4; Klaip\u0117da <\/span>\n\t\t\t\t\t\t\t\t\t<\/li>\n\t\t\t\t\t\t\t\t<li class=\"elementor-icon-list-item\">\n\t\t\t\t\t\t\t\t\t\t\t<span class=\"elementor-icon-list-icon\">\n\t\t\t\t\t\t\t<svg xmlns=\"http:\/\/www.w3.org\/2000\/svg\" width=\"46\" height=\"46\" viewBox=\"0 0 46 46\" fill=\"none\"><path d=\"M33.9384 23.5616C33.7606 23.3835 33.5493 23.2422 33.3168 23.1457C33.0843 23.0493 32.835 22.9997 32.5833 22.9997C32.3316 22.9997 32.0823 23.0493 31.8498 23.1457C31.6173 23.2422 31.4061 23.3835 31.2282 23.5616L28.1731 26.6168C26.7567 26.1951 24.1136 25.2368 22.4384 23.5616C20.7632 21.8865 19.8049 19.2434 19.3832 17.827L22.4384 14.7718C22.6166 14.594 22.7579 14.3827 22.8543 14.1502C22.9507 13.9177 23.0004 13.6684 23.0004 13.4167C23.0004 13.165 22.9507 12.9158 22.8543 12.6832C22.7579 12.4507 22.6166 12.2395 22.4384 12.0616L14.7717 4.39498C14.5939 4.21683 14.3827 4.0755 14.1502 3.97907C13.9176 3.88264 13.6684 3.83301 13.4167 3.83301C13.1649 3.83301 12.9157 3.88264 12.6832 3.97907C12.4506 4.0755 12.2394 4.21683 12.0616 4.39498L6.86357 9.59298C6.13524 10.3213 5.72507 11.3218 5.74041 12.3434C5.78449 15.0727 6.50707 24.5526 13.9782 32.0237C21.4494 39.4949 30.9292 40.2156 33.6605 40.2616H33.7142C34.7262 40.2616 35.6826 39.8629 36.4071 39.1384L41.6051 33.9404C41.7832 33.7626 41.9245 33.5513 42.021 33.3188C42.1174 33.0863 42.167 32.837 42.167 32.5853C42.167 32.3336 42.1174 32.0843 42.021 31.8518C41.9245 31.6193 41.7832 31.4081 41.6051 31.2302L33.9384 23.5616ZM33.695 36.4263C31.303 36.3861 23.1188 35.744 16.6884 29.3116C10.2369 22.8601 9.61207 14.6472 9.57374 12.3031L13.4167 8.46023L18.3732 13.4167L15.8949 15.895C15.6696 16.1201 15.504 16.3978 15.413 16.703C15.3219 17.0082 15.3084 17.3312 15.3736 17.643C15.4196 17.8634 16.5447 23.0901 19.7263 26.2718C22.908 29.4535 28.1347 30.5786 28.3552 30.6246C28.6667 30.6916 28.9901 30.6791 29.2956 30.5883C29.601 30.4976 29.8788 30.3314 30.1032 30.1051L32.5833 27.6269L37.5398 32.5834L33.695 36.4263Z\" fill=\"#00CEA9\"><\/path><\/svg>\t\t\t\t\t\t<\/span>\n\t\t\t\t\t\t\t\t\t\t<span class=\"elementor-icon-list-text\">+ 370 655 22 044<\/span>\n\t\t\t\t\t\t\t\t\t<\/li>\n\t\t\t\t\t\t<\/ul>\n\t\t\t\t\t\t<\/div>\n\t\t\t\t<\/div>\n\t\t\t\t<div class=\"elementor-element elementor-element-7504bd95 ob-has-background-overlay elementor-widget elementor-widget-image\" data-id=\"7504bd95\" data-element_type=\"widget\" data-e-type=\"widget\" data-settings=\"{&quot;_ob_photomorph_use&quot;:&quot;no&quot;,&quot;_ob_widget_stalker_use&quot;:&quot;no&quot;,&quot;_ob_poopart_use&quot;:&quot;yes&quot;,&quot;_ob_shadough_use&quot;:&quot;no&quot;,&quot;_ob_allow_hoveranimator&quot;:&quot;no&quot;}\" data-widget_type=\"image.default\">\n\t\t\t\t<div class=\"elementor-widget-container\">\n\t\t\t\t\t\t\t\t\t\t\t\t\t\t\t<img fetchpriority=\"high\" decoding=\"async\" width=\"768\" height=\"512\" src=\"https:\/\/princoakademija.lt\/wp-content\/uploads\/2023\/12\/MP-akademija-2023-11-14-5-768x512.jpg\" class=\"attachment-medium_large size-medium_large wp-image-460\" alt=\"\" srcset=\"https:\/\/princoakademija.lt\/wp-content\/uploads\/2023\/12\/MP-akademija-2023-11-14-5-768x512.jpg 768w, https:\/\/princoakademija.lt\/wp-content\/uploads\/2023\/12\/MP-akademija-2023-11-14-5-300x200.jpg 300w, https:\/\/princoakademija.lt\/wp-content\/uploads\/2023\/12\/MP-akademija-2023-11-14-5-1024x683.jpg 1024w, https:\/\/princoakademija.lt\/wp-content\/uploads\/2023\/12\/MP-akademija-2023-11-14-5-1536x1024.jpg 1536w, https:\/\/princoakademija.lt\/wp-content\/uploads\/2023\/12\/MP-akademija-2023-11-14-5-2048x1365.jpg 2048w\" sizes=\"(max-width: 768px) 100vw, 768px\" \/>\t\t\t\t\t\t\t\t\t\t\t\t\t\t\t<\/div>\n\t\t\t\t<\/div>\n\t\t\t\t<div class=\"elementor-element elementor-element-9629ece elementor-widget__width-initial ob-harakiri-inherit ob-has-background-overlay elementor-widget elementor-widget-text-editor\" data-id=\"9629ece\" data-element_type=\"widget\" data-e-type=\"widget\" data-settings=\"{&quot;_ob_use_harakiri&quot;:&quot;yes&quot;,&quot;_ob_harakiri_writing_mode&quot;:&quot;inherit&quot;,&quot;_ob_postman_use&quot;:&quot;no&quot;,&quot;_ob_widget_stalker_use&quot;:&quot;no&quot;,&quot;_ob_poopart_use&quot;:&quot;yes&quot;,&quot;_ob_shadough_use&quot;:&quot;no&quot;,&quot;_ob_allow_hoveranimator&quot;:&quot;no&quot;}\" data-widget_type=\"text-editor.default\">\n\t\t\t\t<div class=\"elementor-widget-container\">\n\t\t\t\t\t\t\t\t\t<p>Palikite \u017einut\u0119 :<\/p>\t\t\t\t\t\t\t\t<\/div>\n\t\t\t\t<\/div>\n\t\t\t\t<div class=\"elementor-element elementor-element-386ca805 elementor-button-align-start ob-has-background-overlay elementor-widget elementor-widget-form\" data-id=\"386ca805\" data-element_type=\"widget\" data-e-type=\"widget\" data-settings=\"{&quot;step_next_label&quot;:&quot;Next&quot;,&quot;step_previous_label&quot;:&quot;Previous&quot;,&quot;button_width&quot;:&quot;100&quot;,&quot;step_type&quot;:&quot;number_text&quot;,&quot;step_icon_shape&quot;:&quot;circle&quot;,&quot;_ob_widget_stalker_use&quot;:&quot;no&quot;,&quot;_ob_poopart_use&quot;:&quot;yes&quot;,&quot;_ob_shadough_use&quot;:&quot;no&quot;,&quot;_ob_allow_hoveranimator&quot;:&quot;no&quot;}\" data-widget_type=\"form.default\">\n\t\t\t\t<div class=\"elementor-widget-container\">\n\t\t\t\t\t\t\t<form class=\"elementor-form\" method=\"post\" name=\"Susisiekite\" aria-label=\"Susisiekite\">\n\t\t\t<input type=\"hidden\" name=\"post_id\" value=\"136\"\/>\n\t\t\t<input type=\"hidden\" name=\"form_id\" value=\"386ca805\"\/>\n\t\t\t<input type=\"hidden\" name=\"referer_title\" value=\"\" \/>\n\n\t\t\t\n\t\t\t<div class=\"elementor-form-fields-wrapper elementor-labels-\">\n\t\t\t\t\t\t\t\t<div class=\"elementor-field-type-text elementor-field-group elementor-column elementor-field-group-name elementor-col-100 elementor-md-100 elementor-field-required\">\n\t\t\t\t\t\t\t\t\t\t\t\t<label for=\"form-field-name\" class=\"elementor-field-label elementor-screen-only\">\n\t\t\t\t\t\t\t\tFull Name\t\t\t\t\t\t\t<\/label>\n\t\t\t\t\t\t\t\t\t\t\t\t\t\t<input size=\"1\" type=\"text\" name=\"form_fields[name]\" id=\"form-field-name\" class=\"elementor-field elementor-size-sm  elementor-field-textual\" placeholder=\"Vardas. Pavard\u0117\" required=\"required\">\n\t\t\t\t\t\t\t\t\t\t\t<\/div>\n\t\t\t\t\t\t\t\t<div class=\"elementor-field-type-tel elementor-field-group elementor-column elementor-field-group-field_ce33e11 elementor-col-50\">\n\t\t\t\t\t\t\t\t\t\t\t\t<label for=\"form-field-field_ce33e11\" class=\"elementor-field-label elementor-screen-only\">\n\t\t\t\t\t\t\t\tTel. Nr.\t\t\t\t\t\t\t<\/label>\n\t\t\t\t\t\t\t\t<input size=\"1\" type=\"tel\" name=\"form_fields[field_ce33e11]\" id=\"form-field-field_ce33e11\" class=\"elementor-field elementor-size-sm  elementor-field-textual\" placeholder=\"Telefono numeis\" pattern=\"[0-9()#&amp;+*-=.]+\" title=\"Only numbers and phone characters (#, -, *, etc) are accepted.\">\n\n\t\t\t\t\t\t<\/div>\n\t\t\t\t\t\t\t\t<div class=\"elementor-field-type-email elementor-field-group elementor-column elementor-field-group-field_bff1552 elementor-col-50 elementor-md-100 elementor-field-required\">\n\t\t\t\t\t\t\t\t\t\t\t\t<label for=\"form-field-field_bff1552\" class=\"elementor-field-label elementor-screen-only\">\n\t\t\t\t\t\t\t\tEmailas\t\t\t\t\t\t\t<\/label>\n\t\t\t\t\t\t\t\t\t\t\t\t\t\t<input size=\"1\" type=\"email\" name=\"form_fields[field_bff1552]\" id=\"form-field-field_bff1552\" class=\"elementor-field elementor-size-sm  elementor-field-textual\" placeholder=\"E-mail\" required=\"required\">\n\t\t\t\t\t\t\t\t\t\t\t<\/div>\n\t\t\t\t\t\t\t\t<div class=\"elementor-field-type-text elementor-field-group elementor-column elementor-field-group-field_7801b37 elementor-col-100 elementor-field-required\">\n\t\t\t\t\t\t\t\t\t\t\t\t<label for=\"form-field-field_7801b37\" class=\"elementor-field-label elementor-screen-only\">\n\t\t\t\t\t\t\t\tTekstas\t\t\t\t\t\t\t<\/label>\n\t\t\t\t\t\t\t\t\t\t\t\t\t\t<input size=\"1\" type=\"text\" name=\"form_fields[field_7801b37]\" id=\"form-field-field_7801b37\" class=\"elementor-field elementor-size-sm  elementor-field-textual\" placeholder=\"J\u016bs\u0173 tekstas\" required=\"required\">\n\t\t\t\t\t\t\t\t\t\t\t<\/div>\n\t\t\t\t\t\t\t\t<div class=\"elementor-field-group elementor-column elementor-field-type-submit elementor-col-100 e-form__buttons\">\n\t\t\t\t\t<button class=\"elementor-button elementor-size-sm\" type=\"submit\" id=\"Susisiekti\">\n\t\t\t\t\t\t<span class=\"elementor-button-content-wrapper\">\n\t\t\t\t\t\t\t\t\t\t\t\t\t\t\t\t\t\t\t\t\t\t<span class=\"elementor-button-text\">Si\u0173sti<\/span>\n\t\t\t\t\t\t\t\t\t\t\t\t\t<\/span>\n\t\t\t\t\t<\/button>\n\t\t\t\t<\/div>\n\t\t\t<\/div>\n\t\t<\/form>\n\t\t\t\t\t\t<\/div>\n\t\t\t\t<\/div>\n\t\t\t\t\t<\/div>\n\t\t<\/section>\n\t\t\t\t<div class=\"elementor-column elementor-col-33 elementor-top-column elementor-element elementor-element-49373603\" data-id=\"49373603\" data-element_type=\"column\" data-e-type=\"column\" data-settings=\"{&quot;_ob_column_hoveranimator&quot;:&quot;no&quot;,&quot;_ob_column_has_pseudo&quot;:&quot;no&quot;}\">\n\t\t\t<div class=\"elementor-widget-wrap\">\n\t\t\t\t\t\t\t<\/div>\n\t\t<\/div>\n\t\t\t\t<div class=\"elementor-column elementor-col-33 elementor-top-column elementor-element elementor-element-2f2ee201\" data-id=\"2f2ee201\" data-element_type=\"column\" data-e-type=\"column\" data-settings=\"{&quot;_ob_column_hoveranimator&quot;:&quot;no&quot;,&quot;_ob_column_has_pseudo&quot;:&quot;no&quot;}\">\n\t\t\t<div class=\"elementor-widget-wrap elementor-element-populated\">\n\t\t\t\t\t\t<div class=\"elementor-element elementor-element-dc72dd6 ob-has-background-overlay elementor-widget elementor-widget-spacer\" data-id=\"dc72dd6\" data-element_type=\"widget\" data-e-type=\"widget\" data-settings=\"{&quot;_ob_spacerat_use&quot;:&quot;no&quot;,&quot;_ob_widget_stalker_use&quot;:&quot;no&quot;,&quot;_ob_poopart_use&quot;:&quot;yes&quot;,&quot;_ob_shadough_use&quot;:&quot;no&quot;,&quot;_ob_allow_hoveranimator&quot;:&quot;no&quot;}\" data-widget_type=\"spacer.default\">\n\t\t\t\t<div class=\"elementor-widget-container\">\n\t\t\t\t\t\t\t<div class=\"elementor-spacer\">\n\t\t\t<div class=\"elementor-spacer-inner\"><\/div>\n\t\t<\/div>\n\t\t\t\t\t\t<\/div>\n\t\t\t\t<\/div>\n\t\t\t\t<div class=\"elementor-element elementor-element-59353a36 elementor-widget__width-initial ob-has-background-overlay elementor-widget elementor-widget-google_maps\" data-id=\"59353a36\" data-element_type=\"widget\" data-e-type=\"widget\" data-settings=\"{&quot;_ob_widget_stalker_use&quot;:&quot;no&quot;,&quot;_ob_poopart_use&quot;:&quot;yes&quot;,&quot;_ob_shadough_use&quot;:&quot;no&quot;,&quot;_ob_allow_hoveranimator&quot;:&quot;no&quot;}\" data-widget_type=\"google_maps.default\">\n\t\t\t\t<div class=\"elementor-widget-container\">\n\t\t\t\t\t\t\t<div class=\"elementor-custom-embed\">\n\t\t\t<iframe loading=\"lazy\"\n\t\t\t\t\tsrc=\"https:\/\/maps.google.com\/maps?q=Savanori%C5%B3%20g.%204%2C%2092291%20Klaip%C4%97da&#038;t=m&#038;z=12&#038;output=embed&#038;iwloc=near\"\n\t\t\t\t\ttitle=\"Savanori\u0173 g. 4, 92291 Klaip\u0117da\"\n\t\t\t\t\taria-label=\"Savanori\u0173 g. 4, 92291 Klaip\u0117da\"\n\t\t\t><\/iframe>\n\t\t<\/div>\n\t\t\t\t\t\t<\/div>\n\t\t\t\t<\/div>\n\t\t\t\t\t<\/div>\n\t\t<\/div>\n\t\t\t\t\t<\/div>\n\t\t<\/section>\n\t\t\t\t<\/div>\n\t\t","protected":false},"excerpt":{"rendered":"<p>Nekantraujame su Jumis susitikti ! \u00a0V\u0161\u012e &#8222;Elgesio Sprendimai&#8221; yra NEPELNO SIEKIANTI ORGANIZACIJA, dirbanti \u00a0su vaikais kurie turi autizmo spektr\u0105, emocij\u0173, elgesio sutrikimus. Kurianti vaikams saugi\u0105 aplink\u0105. \u00a0J\u016bs\u0173 vaikui pad\u0117s: Logopedas, ergoterapeutas. Veikia socialin\u0117s grup\u0117s, kur vaikai \u017eaidimo forma mokosi, bendravimo, \u017eaidimo ir draugyst\u0117s u\u017emezgimo ir palaikymo. \u00a0Didesnius vaikus mokiname darbini\u0173 \u012fg\u016bd\u017ei\u0173. \u00a0 \u00a0 \u00a0 \u00a0 [&hellip;]<\/p>\n","protected":false},"author":2,"featured_media":0,"parent":0,"menu_order":0,"comment_status":"closed","ping_status":"closed","template":"","meta":{"_angie_page":false,"om_disable_all_campaigns":false,"footnotes":""},"class_list":["post-136","page","type-page","status-publish","hentry"],"aioseo_notices":[],"_links":{"self":[{"href":"https:\/\/princoakademija.lt\/index.php\/wp-json\/wp\/v2\/pages\/136","targetHints":{"allow":["GET"]}}],"collection":[{"href":"https:\/\/princoakademija.lt\/index.php\/wp-json\/wp\/v2\/pages"}],"about":[{"href":"https:\/\/princoakademija.lt\/index.php\/wp-json\/wp\/v2\/types\/page"}],"author":[{"embeddable":true,"href":"https:\/\/princoakademija.lt\/index.php\/wp-json\/wp\/v2\/users\/2"}],"replies":[{"embeddable":true,"href":"https:\/\/princoakademija.lt\/index.php\/wp-json\/wp\/v2\/comments?post=136"}],"version-history":[{"count":96,"href":"https:\/\/princoakademija.lt\/index.php\/wp-json\/wp\/v2\/pages\/136\/revisions"}],"predecessor-version":[{"id":1539,"href":"https:\/\/princoakademija.lt\/index.php\/wp-json\/wp\/v2\/pages\/136\/revisions\/1539"}],"wp:attachment":[{"href":"https:\/\/princoakademija.lt\/index.php\/wp-json\/wp\/v2\/media?parent=136"}],"curies":[{"name":"wp","href":"https:\/\/api.w.org\/{rel}","templated":true}]}}