{"id":2001,"date":"2026-03-31T11:42:23","date_gmt":"2026-03-31T09:42:23","guid":{"rendered":"https:\/\/princoakademija.lt\/?page_id=2001"},"modified":"2026-04-08T16:32:33","modified_gmt":"2026-04-08T14:32:33","slug":"elgesio-sprendimai","status":"publish","type":"page","link":"https:\/\/princoakademija.lt\/index.php\/elgesio-sprendimai\/","title":{"rendered":"Elgesio Sprendimai"},"content":{"rendered":"\t\t<div data-elementor-type=\"wp-page\" data-elementor-id=\"2001\" class=\"elementor elementor-2001\" data-elementor-post-type=\"page\">\n\t\t\t\t<div class=\"elementor-element elementor-element-05a36b7 e-flex e-con-boxed e-con e-parent\" data-id=\"05a36b7\" data-element_type=\"container\" data-e-type=\"container\" data-settings=\"{&quot;_ob_use_container_extras&quot;:&quot;no&quot;,&quot;_ob_column_hoveranimator&quot;:&quot;no&quot;,&quot;_ob_glider_is_slider&quot;:&quot;no&quot;,&quot;_ob_column_has_pseudo&quot;:&quot;no&quot;}\">\n\t\t\t\t\t<div class=\"e-con-inner\">\n\t\t\t\t<div class=\"elementor-element elementor-element-b11c3bb ob-has-background-overlay elementor-widget elementor-widget-image\" data-id=\"b11c3bb\" data-element_type=\"widget\" data-e-type=\"widget\" data-settings=\"{&quot;_ob_photomorph_use&quot;:&quot;no&quot;,&quot;_ob_widget_stalker_use&quot;:&quot;no&quot;,&quot;_ob_poopart_use&quot;:&quot;yes&quot;,&quot;_ob_shadough_use&quot;:&quot;no&quot;,&quot;_ob_allow_hoveranimator&quot;:&quot;no&quot;}\" data-widget_type=\"image.default\">\n\t\t\t\t<div class=\"elementor-widget-container\">\n\t\t\t\t\t\t\t\t\t\t\t\t\t\t\t<img decoding=\"async\" width=\"300\" height=\"161\" src=\"https:\/\/princoakademija.lt\/wp-content\/uploads\/2022\/05\/Elgesio-Sprendimai-e1774982681838-300x161.png\" class=\"attachment-medium size-medium wp-image-2003\" alt=\"\" srcset=\"https:\/\/princoakademija.lt\/wp-content\/uploads\/2022\/05\/Elgesio-Sprendimai-e1774982681838-300x161.png 300w, https:\/\/princoakademija.lt\/wp-content\/uploads\/2022\/05\/Elgesio-Sprendimai-e1774982681838.png 667w\" sizes=\"(max-width: 300px) 100vw, 300px\" \/>\t\t\t\t\t\t\t\t\t\t\t\t\t\t\t<\/div>\n\t\t\t\t<\/div>\n\t\t\t\t\t<\/div>\n\t\t\t\t<\/div>\n\t\t<div class=\"elementor-element elementor-element-d541c8c e-flex e-con-boxed e-con e-parent\" data-id=\"d541c8c\" data-element_type=\"container\" data-e-type=\"container\" data-settings=\"{&quot;_ob_use_container_extras&quot;:&quot;no&quot;,&quot;_ob_column_hoveranimator&quot;:&quot;no&quot;,&quot;_ob_glider_is_slider&quot;:&quot;no&quot;,&quot;_ob_column_has_pseudo&quot;:&quot;no&quot;}\">\n\t\t\t\t\t<div class=\"e-con-inner\">\n\t\t\t\t<div class=\"elementor-element elementor-element-53ac40e ob-harakiri-inherit ob-has-background-overlay elementor-widget elementor-widget-text-editor\" data-id=\"53ac40e\" data-element_type=\"widget\" data-e-type=\"widget\" data-settings=\"{&quot;_ob_use_harakiri&quot;:&quot;yes&quot;,&quot;_ob_harakiri_writing_mode&quot;:&quot;inherit&quot;,&quot;_ob_postman_use&quot;:&quot;no&quot;,&quot;_ob_widget_stalker_use&quot;:&quot;no&quot;,&quot;_ob_poopart_use&quot;:&quot;yes&quot;,&quot;_ob_shadough_use&quot;:&quot;no&quot;,&quot;_ob_allow_hoveranimator&quot;:&quot;no&quot;}\" data-widget_type=\"text-editor.default\">\n\t\t\t\t<div class=\"elementor-widget-container\">\n\t\t\t\t\t\t\t\t\t<h2>Projektas<\/h2>\n<h2 style=\"text-align: center;\">\u201e\u012ekv\u0117pk ir atsikv\u0117pk \u2013 kartu lengviau!\u201c &nbsp;<\/h2>\t\t\t\t\t\t\t\t<\/div>\n\t\t\t\t<\/div>\n\t\t\t\t<div class=\"elementor-element elementor-element-55a12ed ob-has-background-overlay elementor-widget elementor-widget-image\" data-id=\"55a12ed\" data-element_type=\"widget\" data-e-type=\"widget\" data-settings=\"{&quot;_ob_photomorph_use&quot;:&quot;no&quot;,&quot;_ob_widget_stalker_use&quot;:&quot;no&quot;,&quot;_ob_poopart_use&quot;:&quot;yes&quot;,&quot;_ob_shadough_use&quot;:&quot;no&quot;,&quot;_ob_allow_hoveranimator&quot;:&quot;no&quot;}\" data-widget_type=\"image.default\">\n\t\t\t\t<div class=\"elementor-widget-container\">\n\t\t\t\t\t\t\t\t\t\t\t\t\t\t\t<img fetchpriority=\"high\" decoding=\"async\" width=\"300\" height=\"300\" src=\"https:\/\/princoakademija.lt\/wp-content\/uploads\/2026\/04\/vvg-logo-naujas-1-300x300.png\" class=\"attachment-medium size-medium wp-image-2108\" alt=\"\" srcset=\"https:\/\/princoakademija.lt\/wp-content\/uploads\/2026\/04\/vvg-logo-naujas-1-300x300.png.webp 300w, https:\/\/princoakademija.lt\/wp-content\/uploads\/2026\/04\/vvg-logo-naujas-1-1024x1024.png.webp 1024w, https:\/\/princoakademija.lt\/wp-content\/uploads\/2026\/04\/vvg-logo-naujas-1-150x150.png.webp 150w, https:\/\/princoakademija.lt\/wp-content\/uploads\/2026\/04\/vvg-logo-naujas-1-768x768.png.webp 768w, https:\/\/princoakademija.lt\/wp-content\/uploads\/2026\/04\/vvg-logo-naujas-1.png.webp 1080w\" sizes=\"(max-width: 300px) 100vw, 300px\" \/>\t\t\t\t\t\t\t\t\t\t\t\t\t\t\t<\/div>\n\t\t\t\t<\/div>\n\t\t\t\t\t<\/div>\n\t\t\t\t<\/div>\n\t\t<div class=\"elementor-element elementor-element-fc6a833 e-flex e-con-boxed e-con e-parent\" data-id=\"fc6a833\" data-element_type=\"container\" data-e-type=\"container\" data-settings=\"{&quot;_ob_use_container_extras&quot;:&quot;no&quot;,&quot;_ob_column_hoveranimator&quot;:&quot;no&quot;,&quot;_ob_glider_is_slider&quot;:&quot;no&quot;,&quot;_ob_column_has_pseudo&quot;:&quot;no&quot;}\">\n\t\t\t\t\t<div class=\"e-con-inner\">\n\t\t\t\t<div class=\"elementor-element elementor-element-58a6e1e ob-has-background-overlay elementor-widget elementor-widget-image\" data-id=\"58a6e1e\" data-element_type=\"widget\" data-e-type=\"widget\" data-settings=\"{&quot;_ob_photomorph_use&quot;:&quot;no&quot;,&quot;_ob_widget_stalker_use&quot;:&quot;no&quot;,&quot;_ob_poopart_use&quot;:&quot;yes&quot;,&quot;_ob_shadough_use&quot;:&quot;no&quot;,&quot;_ob_allow_hoveranimator&quot;:&quot;no&quot;}\" data-widget_type=\"image.default\">\n\t\t\t\t<div class=\"elementor-widget-container\">\n\t\t\t\t\t\t\t\t\t\t\t\t\t\t\t<img decoding=\"async\" width=\"768\" height=\"512\" src=\"https:\/\/princoakademija.lt\/wp-content\/uploads\/2022\/05\/Namukai-su-logo-768x512.jpeg\" class=\"attachment-medium_large size-medium_large wp-image-2008\" alt=\"\" srcset=\"https:\/\/princoakademija.lt\/wp-content\/uploads\/2022\/05\/Namukai-su-logo-768x512.jpeg.webp 768w, https:\/\/princoakademija.lt\/wp-content\/uploads\/2022\/05\/Namukai-su-logo-300x200.jpeg.webp 300w, https:\/\/princoakademija.lt\/wp-content\/uploads\/2022\/05\/Namukai-su-logo-1024x683.jpeg.webp 1024w, https:\/\/princoakademija.lt\/wp-content\/uploads\/2022\/05\/Namukai-su-logo.jpeg.webp 1536w\" sizes=\"(max-width: 768px) 100vw, 768px\" \/>\t\t\t\t\t\t\t\t\t\t\t\t\t\t\t<\/div>\n\t\t\t\t<\/div>\n\t\t\t\t\t<\/div>\n\t\t\t\t<\/div>\n\t\t<div class=\"elementor-element elementor-element-4d11e37 e-flex e-con-boxed e-con e-parent\" data-id=\"4d11e37\" data-element_type=\"container\" data-e-type=\"container\" data-settings=\"{&quot;_ob_use_container_extras&quot;:&quot;no&quot;,&quot;_ob_column_hoveranimator&quot;:&quot;no&quot;,&quot;_ob_glider_is_slider&quot;:&quot;no&quot;,&quot;_ob_column_has_pseudo&quot;:&quot;no&quot;}\">\n\t\t\t\t\t<div class=\"e-con-inner\">\n\t\t\t\t<div class=\"elementor-element elementor-element-1425cf2 ob-harakiri-inherit ob-has-background-overlay elementor-widget elementor-widget-text-editor\" data-id=\"1425cf2\" data-element_type=\"widget\" data-e-type=\"widget\" data-settings=\"{&quot;_ob_use_harakiri&quot;:&quot;yes&quot;,&quot;_ob_harakiri_writing_mode&quot;:&quot;inherit&quot;,&quot;_ob_postman_use&quot;:&quot;no&quot;,&quot;_ob_widget_stalker_use&quot;:&quot;no&quot;,&quot;_ob_poopart_use&quot;:&quot;yes&quot;,&quot;_ob_shadough_use&quot;:&quot;no&quot;,&quot;_ob_allow_hoveranimator&quot;:&quot;no&quot;}\" data-widget_type=\"text-editor.default\">\n\t\t\t\t<div class=\"elementor-widget-container\">\n\t\t\t\t\t\t\t\t\t<p><strong>Nr. 11-64-K &#8211; 0001<\/strong><\/p><p><strong>\u201e\u012ekv\u0117pk ir atsikv\u0117pk \u2013 kartu lengviau!\u201c<\/strong><\/p><p><strong>Projekto trukm\u0117: 2026 m. kovo 17 d. \u2013 2028 m. kovo 31 d.<\/strong><br \/><strong>Bendra vert\u0117: 50 066,66 Eur<\/strong><br \/><strong>ES finansavimas: 34 000,00 Eur<\/strong><\/p><p>Projektas bendrai finansuojamas Europos S\u0105jungos, Ekonomikos gaivinimo ir atsparumo didinimo plano \u201eNaujos kartos Lietuva\u201c ir Klaip\u0117dos miesto savivaldyb\u0117s l\u0117\u0161omis.<\/p><div class=\"d-flex\"><div><p>J\u016br\u0173 muziejaus Delfin\u0173 terapijos centras kartu su partneriu V\u0161\u012e \u201eElgesio sprendimai\u201c pradeda \u012fgyvendinti projekt\u0105, skirt\u0105 stiprinti Klaip\u0117dos miesto \u0161eim\u0173, auginan\u010di\u0173 vaikus su negalia ir (ar) individualiaisiais poreikiais, emocin\u0119 gerov\u0119 ir socialin\u0119 \u012ftraukt\u012f.<\/p><\/div><\/div><p>Projekto tikslas \u2013 teikti kompleksines emocin\u0117s pagalbos bei atokv\u0117pio paslaugas t\u0117vams, auginantiems vaikus su negalia ar individualiaisiais poreikiais, taip pat stiprinti vaik\u0173, turin\u010di\u0173 psichikos ir elgesio sutrikim\u0173 emocin\u012f atsparum\u0105.<\/p><div class=\"elementToProof\" dir=\"ltr\"><p><em>\u00a0<strong>V\u0161\u012e \u201cElgesio sprendimai\u201d<\/strong> tikslas -pad\u0117ti vaikams, kuriems pasaulis kartais atrodo per garsus, per greitas ar per sud\u0117tingas, geriau suprasti save, atpa\u017einti ir valdyti savo jausmus, mokytis saugiai b\u016bti su kitais bei patirti s\u0117km\u0119 ir augim\u0105, kad kiekvienas jaust\u0173si priimtas,<\/em> svarbus ir galintis tobul\u0117ti.<\/p><p>Sekite projekto naujienas, informacij\u0105 apie projekto galimybes Lietuvos j\u016br\u0173 muziejaus, V\u0161\u012e \u201eElgesio sprendimai\u201c interneto svetain\u0117se ir socialiniuose tinkluose.<\/p><p>#FinansuojaEuroposS\u0105junga #bendraifinansuojaEuroposS\u0105junga #NaujosKartosLietuva #NextGenerationEU #MESKuriamES #InvesticijuPrograma #ESInvesticijos<\/p><p>Pla\u010diau: <a title=\"https:\/\/muziejus.lt\/lt\/ikvepk-ir-atsikvepk-kartu-lengviau\" href=\"https:\/\/muziejus.lt\/lt\/ikvepk-ir-atsikvepk-kartu-lengviau\" data-outlook-id=\"8fc6ed4a-a0fd-4a69-9a2c-ab158e9bac4b\">https:\/\/muziejus.lt\/lt\/ikvepk-ir-atsikvepk-kartu-lengviau<\/a><\/p><p><span style=\"text-align: var(--text-align); font-size: 1rem;\"><img loading=\"lazy\" decoding=\"async\" class=\"size-full wp-image-2014 alignleft\" src=\"http:\/\/princoakademija.lt\/wp-content\/uploads\/2022\/05\/images-e1774950223308.png\" alt=\"\" width=\"119\" height=\"113\" \/><\/span><\/p><\/div><div dir=\"ltr\">\u00a0<\/div><div dir=\"ltr\">\u00a0<\/div><div dir=\"ltr\">\u00a0<\/div>\t\t\t\t\t\t\t\t<\/div>\n\t\t\t\t<\/div>\n\t\t\t\t\t<\/div>\n\t\t\t\t<\/div>\n\t\t\t\t<\/div>\n\t\t","protected":false},"excerpt":{"rendered":"<p>Projektas \u201e\u012ekv\u0117pk ir atsikv\u0117pk \u2013 kartu lengviau!\u201c &nbsp; Nr. 11-64-K &#8211; 0001 \u201e\u012ekv\u0117pk ir atsikv\u0117pk \u2013 kartu lengviau!\u201c Projekto trukm\u0117: 2026 m. kovo 17 d. \u2013 2028 m. kovo 31 d.Bendra vert\u0117: 50 066,66 EurES finansavimas: 34 000,00 Eur Projektas bendrai finansuojamas Europos S\u0105jungos, Ekonomikos gaivinimo ir atsparumo didinimo plano \u201eNaujos kartos Lietuva\u201c ir Klaip\u0117dos [&hellip;]<\/p>\n","protected":false},"author":2,"featured_media":0,"parent":0,"menu_order":0,"comment_status":"closed","ping_status":"closed","template":"","meta":{"_angie_page":false,"om_disable_all_campaigns":false,"footnotes":""},"class_list":["post-2001","page","type-page","status-publish","hentry"],"aioseo_notices":[],"_links":{"self":[{"href":"https:\/\/princoakademija.lt\/index.php\/wp-json\/wp\/v2\/pages\/2001","targetHints":{"allow":["GET"]}}],"collection":[{"href":"https:\/\/princoakademija.lt\/index.php\/wp-json\/wp\/v2\/pages"}],"about":[{"href":"https:\/\/princoakademija.lt\/index.php\/wp-json\/wp\/v2\/types\/page"}],"author":[{"embeddable":true,"href":"https:\/\/princoakademija.lt\/index.php\/wp-json\/wp\/v2\/users\/2"}],"replies":[{"embeddable":true,"href":"https:\/\/princoakademija.lt\/index.php\/wp-json\/wp\/v2\/comments?post=2001"}],"version-history":[{"count":38,"href":"https:\/\/princoakademija.lt\/index.php\/wp-json\/wp\/v2\/pages\/2001\/revisions"}],"predecessor-version":[{"id":2128,"href":"https:\/\/princoakademija.lt\/index.php\/wp-json\/wp\/v2\/pages\/2001\/revisions\/2128"}],"wp:attachment":[{"href":"https:\/\/princoakademija.lt\/index.php\/wp-json\/wp\/v2\/media?parent=2001"}],"curies":[{"name":"wp","href":"https:\/\/api.w.org\/{rel}","templated":true}]}}